{"id":682,"date":"2019-05-09T07:17:59","date_gmt":"2019-05-09T07:17:59","guid":{"rendered":"http:\/\/test.renovum.ee:81\/privaatsus\/"},"modified":"2019-09-05T14:22:50","modified_gmt":"2019-09-05T14:22:50","slug":"privaatsus","status":"publish","type":"page","link":"https:\/\/www.renovum.ee\/ru\/privaatsus\/","title":{"rendered":"Privaatsus"},"content":{"rendered":"<p class=\"p1\"><span class=\"s1\"><i>Renovum.ee<\/i> kasutab k\u00fcpsiseid (cookies). See aitab veebisaidil uurida Teie kasutamisharjumusi meie lehel, meelde j\u00e4tta Teie\u00a0tehtud valikuid ning kiirendada Teie navigeerimist meie lehel.<\/span><\/p>\n<p class=\"p3\"><span class=\"s1\"><b>K\u00fcpsiste eesm\u00e4rk <\/b><\/span><\/p>\n<p class=\"p3\"><span class=\"s1\">K\u00fcpsis (Cookie) on v\u00e4ikesemahuline tekstifail, mille veebiserver saadab kasutaja veebilehitsejale ja mis salvestatakse kasutaja arvuti k\u00f5vakettale. K\u00fcpsised kuuluvad nn hallvara hulka, mis ei ole ohtlik, aga v\u00f5ib kasutajale siiski ebamugavusi tekitada. Sellep\u00e4rast anal\u00fc\u00fcsivad viiruset\u00f5rjeprogrammid lisaks viirustele ka k\u00fcpsiseid ja pakuvad kasutajale v\u00f5imalust ise otsustada, millised k\u00fcpsised alles j\u00e4tta ja millised kustutada. K\u00fcpsised ise kasutaja arvutist informatsiooni ei loe ega internetiavarustesse ei saada.<\/span><\/p>\n<p class=\"p3\"><span class=\"s1\">K\u00fcpsised aitavad meil teenuseid vastavalt Teie soovile ja harjumusele edastada. K\u00fcpsiseid kasutatakse tavaliselt statistiliste andmete kogumiseks, j\u00e4lgides kasutajate eelistusi v\u00f5rguk\u00fclgede k\u00fclastamisel. K\u00fcpsised v\u00f5imaldavad veebilehel kasutaja arvuti \u00e4ra tunda. Lisaks aitab veebilehel meelde j\u00e4tta teavet Teie k\u00fclastuse kohta, n\u00e4iteks eelistatud keelt ja muid seadeid. See v\u00f5ib muuta j\u00e4rgmise k\u00fclastuse lihtsamaks ja lehek\u00fclje Teie isikup\u00e4rastatud andmetega kasulikumaks just Teile.<\/span><\/p>\n<p class=\"p3\"><span class=\"s1\"><b>Mis t\u00fc\u00fcpi k\u00fcpsiseid me erinevatel eesm\u00e4rkidel kasutame<\/b><\/span><\/p>\n<p class=\"p3\"><span class=\"s1\"><i>Ajutised ehk seansi k\u00fcpsised, <\/i>mis kustutatakse automaatselt p\u00e4rast igat k\u00fclastust. Ajutisi k\u00fcpsiseid kasutatakse n\u00e4iteks v\u00f5rgulehe keelevaliku meeldej\u00e4tmiseks.<\/span><\/p>\n<p class=\"p3\"><span class=\"s1\"><i>P\u00fcsik\u00fcpsised, <\/i>mis j\u00e4\u00e4vad alles veebilehe korduval kasutamisel. P\u00fcsik\u00fcpsiseid kasutatakse kasutaja n\u00e4iteks eelistuste salvestamiseks, kasutajanime ja parooli salvestamiseks nii, et kasutaja ei pea kindlat v\u00f5rgulehte k\u00fclastades iga kord sisse logima. P\u00fcsik\u00fcpsised v\u00f5ivad j\u00e4\u00e4da kasutaja arvutisse p\u00e4evadeks, kuudeks v\u00f5i isegi aastateks.<\/span><\/p>\n<p class=\"p3\"><span class=\"s1\"><i>Kolmandate osapoolte k\u00fcpsised<\/i>, mida kasutavad meie partnerite veebilehed, mis on meie lehele manustatud v\u00f5i millele me lingime. Nende k\u00fcpsiste tekkimist me ei kontrolli, seega soovitame Teil uurida kolmandate osapoolte lehtedelt nende k\u00fcpsiste kohta, kuidas neid hallata. Isikuandmete t\u00f6\u00f6tlemise seisukohalt on kolmanda osapoole k\u00fcpsise paigaldajaks vastutav t\u00f6\u00f6tleja, kes erineb k\u00fclastatava v\u00f5rgulehe haldajast.<\/span><\/p>\n<p class=\"p3\"><span class=\"s1\"><i>Anal\u00fc\u00fctilised k\u00fcpsised <\/i>v\u00f5imaldavad meil koguda andmeid Teie veebilehe kasutuse kohta, sealhulgas sisu kohta, millele Te veebilehel brausides kl\u00f5psate, eesm\u00e4rgiga parandada veebilehe t\u00f6\u00f6kindlust ja \u00fclesehitust. Need k\u00fcpsised ei kogu teavet, mis v\u00f5imaldaks v\u00f5rgulehe kasutajat otseselt tuvastada. Need k\u00fcpsised v\u00f5ivad olla loodud anal\u00fc\u00fcsiteenust pakkuva kolmanda osapoole poolt, kuid neid kasutatakse \u00fcksnes meie veebilehega seotud eesm\u00e4rkidel. <\/span><\/p>\n<p class=\"p3\"><span class=\"s1\"><i>Reklaamik\u00fcpsised <\/i>v\u00f5imaldavad meile anal\u00fc\u00fcsida Teie kui kasutaja maitset ja eelistusi ning kohandada turundussisu vastavalt Teie huvidele. K\u00fcpsised reguleerivad, mitu korda kasutaja konkreetset reklaami n\u00e4eb ning aitavad \u00fchtlasi m\u00f5\u00f5ta reklaamikampaania t\u00f5husust.<\/span><\/p>\n<p class=\"p3\"><span class=\"s1\"><i>Multimeedia esitamiseks kasutatavad k\u00fcpsised<\/i> salvestavad video- v\u00f5i audiomaterjali esitamiseks vajalikku tehnilist teavet, nagu kujutise kvaliteet, v\u00f5rgu\u00fchenduse kiirus ja puhverdamise parameetrid. Sellised multimeedia k\u00fcpsised on \u00fcldiselt tuntud kui flash k\u00fcpsised, kuna t\u00e4nap\u00e4eval enim kasutatud interneti videotehnoloogia on Adobe Flash. Kuna multimeedia esitamine on \u00fcldjuhul ajutise iseloomuga, peaksid need k\u00fcpsised seansi l\u00f5ppedes aeguma.<\/span><\/p>\n<p class=\"p3\"><span class=\"s1\"><b>K\u00fcpsiste kasutamise piiramine v\u00f5i t\u00e4ielik loobumine <\/b><\/span><\/p>\n<p class=\"p3\"><span class=\"s1\">Te saate ka ise rakendada ennetavaid meetmeid, et v\u00e4ltida k\u00fcpsiste salvestamist Teie arvutisse. Selleks tuleb Teil muuta veebilehitseja privaatsusseadeid. Vastavalt vajadusele on Teil v\u00f5imalik blokeerida v\u00f5i kustutada salvestatud k\u00fcpsised v\u00f5i v\u00f5tta tagasi n\u00f5usolek k\u00fcpsiste salvestamiseks Teie arvutisse v\u00f5i seadmesse. K\u00f5ikide k\u00fcpsiste blokeerimine v\u00f5ib k\u00fcll aidata Teie privaatsust kaitsta, kuid samas piirata ka m\u00f5ne v\u00f5rgulehe kasutusv\u00f5imalusi.<\/span><\/p>\n<p class=\"p3\"><span class=\"s1\">Renovum O\u00dc t\u00f6\u00f6tleb kliendi poolt Renovum O\u00dc-le esitatud ja Renovum O\u00dc poolt kliendi kohta kogutud isikuandmeid seaduses ja Euroopa Liidu isikuandmete kaitse m\u00e4\u00e4ruses lubatud viisil ja ulatuses. Kliendi isikuandmete t\u00f6\u00f6tlemise toimub \u00fcldjuhul kliendi ja Renovum O\u00dc vahel s\u00f5lmitud lepingute t\u00e4itmiseks ja Renovum O\u00dc poolt talle seadusest tulenevate kohustuste n\u00f5uetekohaseks t\u00e4itmiseks. Kliendi isikuandmete t\u00f6\u00f6tlemisel rakendab Renovum O\u00dc k\u00f5iki seadustega n\u00f5utavaid hoolsus- ja turvameetmeid, millega tagatakse kliendi isikuandmete eesm\u00e4rgip\u00e4rane t\u00f6\u00f6tlemine ning kaitstakse isikuandmeid tahtmatu v\u00f5i volitamata t\u00f6\u00f6tlemise, avalikuks tuleku v\u00f5i h\u00e4vimise eest.<\/span><\/p>\n<p class=\"p3\"><span class=\"s1\"><b>Isikuandmete vastutav t\u00f6\u00f6tleja on:<\/b><\/span><\/p>\n<p class=\"p3\"><span class=\"s1\">Renovum O\u00dc<\/span><\/p>\n<p class=\"p3\"><span class=\"s1\">Registrikood: 14042462<\/span><\/p>\n<p class=\"p3\"><span class=\"s1\">Aadress: R\u00e4vala pst 8, Tallinn<\/span><\/p>\n<p class=\"p3\"><span class=\"s1\">E-postiaadress: info@renovum.ee<\/span><\/p>\n<p class=\"p3\"><span class=\"s1\"><b>Isikuandmed<\/b><\/span><\/p>\n<p class=\"p3\"><span class=\"s1\">Isikuandmed on k\u00f5ik f\u00fc\u00fcsilist isikut k\u00e4sitlevad ja tema kohta kogutavad andmed, mis v\u00f5imaldavad teda identifitseerida.<\/span><\/p>\n<p class=\"p3\"><span class=\"s1\">Oma teenuste osutamiseks peab Renovum O\u00dc t\u00f6\u00f6tlema muuhulgas j\u00e4rgmisi andmeid:<\/span><\/p>\n<p class=\"p3\"><span class=\"s1\">\u2022 identifitseerimiseks ja \u00fchenduse v\u00f5tmiseks vajalikud andmed (sh ees- ja perekonnanimi, isikukood, s\u00fcnniaeg);<\/span><\/p>\n<p class=\"p3\"><span class=\"s1\">\u2022 kontaktandmed lepingueelselt suhtlemiseks ja edaspidi lepinguga seotud teabe edastamiseks (e-posti aadress, telefoninumber, postiaadress);<\/span><\/p>\n<p class=\"p3\"><span class=\"s1\">\u2022 andmed kliendi seoste kohta juriidiliste isikutega;<\/span><\/p>\n<ul class=\"ul1\">\n<li class=\"li3\"><span class=\"s1\">teave tehingute ja muude toimingute kohta;<\/span><\/li>\n<li class=\"li3\"><span class=\"s1\">seadusest tulenevate kohustuste t\u00e4itmisel saadud andmed (nt uurimisorganite, notarite, maksuhalduri, kohtu j\u00e4relep\u00e4rimistest, kohtut\u00e4ituri p\u00e4ringutest ja n\u00f5uetest tulenevad andmed).<\/span><\/li>\n<\/ul>\n<p class=\"p3\"><span class=\"s1\"><b>Isikuandmete t\u00f6\u00f6tlemine<\/b><\/span><\/p>\n<p class=\"p3\"><span class=\"s1\">Isikuandmete t\u00f6\u00f6tlemine t\u00e4hendab k\u00f5iki isikuandmetega tehtavaid toiminguid, muu hulgas kliendi isikuandmete kogumine, salvestamine, hoidmine, korrastamine, kasutamine, parandamine, edastamine ja kustutamine Renovum O\u00dc poolt. K\u00f5iki eespool loetletud toiminguid k\u00e4sitletakse isikuandmete t\u00f6\u00f6tlemisena olenemata sellest, kas need on automaatsed v\u00f5i mitte. Renovum O\u00dc t\u00f6\u00f6tleb eelk\u00f5ige eelnimetatud isikuandmeid, kuid v\u00f5ib t\u00f6\u00f6delda ka muud kliendiga seotud teavet, kui selleks on p\u00f5hjendatud vajadus seoses lepingute t\u00e4itmisega ja kui selliste andmete t\u00f6\u00f6tlemine ei ole seadusega vastuolus. Isikuandmete t\u00f6\u00f6tlemine (sh s\u00e4ilitamine ja arhiveerimine) toimub Euroopa Liidu ja Eesti Vabariigi isikuandmete kaitset puudutavate \u00f5igusaktide alusel reeglina Euroopa Liidu territooriumil.<\/span><\/p>\n<p class=\"p3\"><span class=\"s1\">Kliendi isikuandmeid s\u00e4ilitatakse seaduses s\u00e4testatud t\u00e4htajaks. See t\u00e4hendab, et kliendi andmed h\u00e4vitatakse mitte v\u00e4hem kui viie aasta m\u00f6\u00f6dumisel p\u00e4rast kliendiga \u00e4risuhte l\u00f5petamist, eeldusel, et kliendi ja Renovum O\u00dc vahel ei ole k\u00e4imasolevaid vaidlusi ning puudub muu \u00f5igustatud huvi nende andmete s\u00e4ilitamiseks. Kui kliendi isikuandmete s\u00e4ilitamiseks on Renovum O\u00dc-l \u00f5igustatud huvi (nt t\u00f5endamiseks vaidluses), hindab Renovum O\u00dc kord aastas nende andmete j\u00e4tkuva s\u00e4ilitamise vajalikkust. Kui kliendisuhte l\u00f5ppemisest on m\u00f6\u00f6dunud v\u00e4hemalt 5 aastat, kuid seadusest tuleneb pikem t\u00e4htaeg nende andmete v\u00f5i dokumentide s\u00e4ilitamiseks, s\u00e4ilitatakse dokumente kauem. N\u00e4iteks n\u00f5uab raamatupidamisseadus lepingute ja dokumentide s\u00e4ilitamist v\u00e4hemalt 7 aastat p\u00e4rast tehingu toimumist.<\/span><\/p>\n<p class=\"p3\"><span class=\"s1\"><b>Isikuandmete t\u00f6\u00f6tlemise eesm\u00e4rk ja alus<\/b><\/span><\/p>\n<p class=\"p3\"><span class=\"s1\">Renovum O\u00dc peamised eesm\u00e4rgid kliendi isikuandmete t\u00f6\u00f6tlemisel on kliendiga suhtlemiseks ja talle teadete edastamiseks; kliendi \u00f5igusp\u00e4rane identifitseerimise tagamiseks; lepinguliste finantskohustuste viivitamatu n\u00f5uetekohane t\u00e4itmise tagada; v\u00f5imaldada Renovum O\u00dc-l edastada kliendi Renovum O\u00dc tooteid ja nendega seotud reklaammaterjale ja\/v\u00f5i teateid, samuti Renovum O\u00dc-ga samasse kontserni kuuluvate isikute v\u00f5i Renovum O\u00dc kolmandatest isikutest koost\u00f6\u00f6partnerite tooteid ja\/v\u00f5i reklaammaterjale ja\/v\u00f5i teateid; anal\u00fc\u00fcsida kliendi rahulolu ning eelistusi seoses Renovum O\u00dc ja temaga samasse kontserni kuuluvate isikute toodete ja teenustega, et t\u00f5hustada toodete ja teenuste arendamist ja turundust; Isikuandmete t\u00f6\u00f6tlemine seadusest tuleneva kohustuse t\u00e4itmiseks; Isikuandmete t\u00f6\u00f6tlemine lepingu s\u00f5lmimiseks, lepingu t\u00e4itmiseks ja lepingu t\u00e4itmise tagamiseks; Isikuandmete t\u00f6\u00f6tlemine \u00f5igustatud huvi alusel (sellel alusel v\u00f5ib Renovum O\u00dc isikuandmeid t\u00f6\u00f6delda muuhulgas kliendi andmete turvalisuse tagamiseks, kliendiga tekkinud vaidluste lahendamisel, kliendi p\u00e4ringutele vastamisel ning muul moel kliendiga suheldes (sh rahulolu uuringute l\u00e4biviimiseks), et tagada kliendi probleemi kiire lahendamine); N\u00f5usoleku alusel isikuandmete t\u00f6\u00f6tlemine (Renovum O\u00dc v\u00f5ib k\u00fcsida kliendi n\u00f5usolekut Renovum O\u00dc ja temaga samasse gruppi kuuluvate ettev\u00f5tete toodete ning koost\u00f6\u00f6partnerite pakkumiste edastamiseks. N\u00f5usolek loetakse antuks \u00fcksnes siis, kui klient seda selgelt v\u00e4ljendab. N\u00f5usoleku andmisest v\u00f5ib klient igal ajal loobuda, teavitades selleks Renovum O\u00dc).<\/span><\/p>\n<p class=\"p3\"><span class=\"s1\">Renovum O\u00dc v\u00f5ib t\u00f6\u00f6delda kliendi isikuandmeid ka muudel eesm\u00e4rkidel, kui need on vajalikud seadusest tulenevate kohustuste t\u00e4itmiseks v\u00f5i kui sellised eesm\u00e4rgid on \u00f5igustatud kliendiga s\u00f5lmitud lepingute t\u00e4itmiseks.<\/span><\/p>\n<p class=\"p3\"><span class=\"s1\"><b>Isikuandmete t\u00f6\u00f6tlemise \u00fcldp\u00f5him\u00f5tted<\/b><\/span><\/p>\n<p class=\"p3\"><span class=\"s1\">Renovum O\u00dc t\u00f6\u00f6tleb kliendi isikuandmeid \u00f5iglaselt, seaduses etten\u00e4htud viisil ja ulatuses. Renovum O\u00dc ja tema t\u00f6\u00f6tajad v\u00f5tavad kliendi isikuandmete t\u00f6\u00f6tlemisel k\u00f5ik seadusega etten\u00e4htud hoolsus- ja turvameetmed, tagamaks, et kliendi isikuandmeid t\u00f6\u00f6deldakse \u00fcksnes eesm\u00e4rgip\u00e4raselt, ja kaitsmaks kliendi isikuandmeid tahtmatu v\u00f5i loata kasutamise, avalikustamise v\u00f5i h\u00e4vitamise eest. Renovum O\u00dc v\u00f5imaldab kliendi isikuandmetele juurdep\u00e4\u00e4su \u00fcksnes oma t\u00f6\u00f6tajaile, kellega on s\u00f5lmitud mitteavalikustamisleping; kolmandale isikule, kes t\u00f6\u00f6tleb andmeid Renovum O\u00dc nimel ja kellega on s\u00f5lmitud mitteavalikustamisleping.<\/span><\/p>\n<p class=\"p3\"><span class=\"s1\">Renovum O\u00dc v\u00e4listab kolmandate isikute loata juurdep\u00e4\u00e4su kliendi isikuandmetele ja portaali andmebaasile, mis selliseid andmeid sisaldab.<\/span><\/p>\n<p class=\"p3\"><span class=\"s1\"><b>Isikuandmete edastamine ja avalikustamine<\/b><\/span><\/p>\n<p class=\"p3\"><span class=\"s1\">Renovum O\u00dc v\u00f5ib edastada kliendi isikuandmeid koosk\u00f5las kasutamistingimuste ja seadusega, eelk\u00f5ige: kolmandatele isikutele, kes t\u00e4idavad Renovum O\u00dc antud t\u00f6\u00f6tlemis\u00fclesandeid; krediidiasutustele kliendi identifitseerimiseks, kui see on vajalik; isikutele, kellele Renovum O\u00dc peab kliendi isikuandmed edastama seaduse alusel; isikule, kes osutab Renovum O\u00dc-le raamatupidamisteenuseid, samuti isikutele, kes osutavad \u00f5igusabi seoses kliendiga s\u00f5lmitud lepingutega; Renovum O\u00dc-ga samasse gruppi kuuluvatele isikutele, kui see on vajalik kliendile tema poolt soovitud teenuste osutamiseks.<\/span><\/p>\n<p class=\"p3\"><span class=\"s1\">K\u00f5igil muudel juhtudel on Renovum O\u00dc-l \u00f5igus edastada kliendi isikuandmeid kolmandatele isikutele vaid juhul, kui on p\u00f5hjendatud huvi tagada klientidega s\u00f5lmitud lepingute t\u00e4itmine ja teabe edastamine sellisele isikule ei ole vastuolus seadusega.<\/span><\/p>\n<p class=\"p3\"><span class=\"s1\">Kui kliendi on andnud Renovum O\u00dc-le eraldi asjakohase n\u00f5usoleku, v\u00f5ib Renovum O\u00dc kliendi isikuandmed (eelk\u00f5ige kliendi nime ja e-posti aadressi) edastada isikutele, kellele Renovum O\u00dc on teinud \u00fclesandeks Renovum O\u00dc toodete turundamise ja reklaamimise kliendile.<\/span><\/p>\n<p class=\"p3\"><span class=\"s1\">Finantsv\u00f5lgnevuste korral, mis tulenevad kliendi portaali kaudu s\u00f5lmitud lepingutest, v\u00f5ib Renovum O\u00dc avalikustada kliendi isikuandmeid (eelk\u00f5ige nimi, isikukood\/registrikood, v\u00f5lgnevuse summa) sellisel viisil ja korras ning selliste kanalite kaudu, mis ei ole seadusega keelatud.<\/span><\/p>\n<p class=\"p3\"><span class=\"s1\"><b>Kliendi \u00f5igused ja kohustused seoses isikuandmete t\u00f6\u00f6tlemisega<\/b><\/span><\/p>\n<p class=\"p3\"><span class=\"s1\">Klient v\u00f5ib Renovum O\u00dc-lt igal ajal n\u00f5uda teavet Renovum O\u00dc poolt tema kohta kogutud isikuandmete kohta. Selleks esitab klient Renovum O\u00dc-le kirjalikku taasesitamist v\u00f5imaldavas vormis asjakohase taotluse. Renovum O\u00dc rahuldab taotluse viie viivitusteta kuid mitte enam kui 30 t\u00f6\u00f6p\u00e4eva jooksul p\u00e4rast kliendilt taotluse saamist. Renovum O\u00dc v\u00f5ib eespool osutatud teabe edastamisest keelduda seaduses etten\u00e4htud juhtudel ja ulatuses.<\/span><\/p>\n<p class=\"p3\"><span class=\"s1\">Klient v\u00f5ib n\u00f5uda tema poolt Renovum O\u00dc-le esitatud andmete parandamist, kui Renovum O\u00dc poolt t\u00f6\u00f6deldavad isikuandmed kliendi kohta on eba\u00f5iged. <\/span><\/p>\n<p class=\"p3\"><span class=\"s1\">Klient v\u00f5ib n\u00f5uda, et Renovum O\u00dc l\u00f5petaks isikuandmete t\u00f6\u00f6tlemise, ja Renovum O\u00dc peab kliendi isikuandmete t\u00f6\u00f6tlemise l\u00f5petama, kui klient on n\u00f5uetekohaselt t\u00e4itnud k\u00f5ik Renovum O\u00dc-ga s\u00f5lmitud lepingutest tulenevad kohustused ning Renovum O\u00dc-l puudub seadusest tulenev kohustus isikuandmete edasiseks t\u00f6\u00f6tlemiseks.<\/span><\/p>\n<p class=\"p3\"><span class=\"s1\">Klient v\u00f5ib n\u00f5uda isikuandmete kustutamist Renovum O\u00dc poolt. Renovum O\u00dc ei saa kliendi n\u00f5uet isikuandmete kustutamiseks rahuldada, kui Renovum O\u00dc-l on seadusest tulenev kohustus isikuandmete t\u00f6\u00f6tlemise j\u00e4tkamiseks (nt raamatupidamisseadusest tulenevad kohustused teatud andmete ja dokumentide s\u00e4ilitamiseks ka p\u00e4rast kliendisuhte l\u00f5ppu).<\/span><\/p>\n<p class=\"p3\"><span class=\"s1\">Kliendil on \u00f5igus isikuandmete t\u00f6\u00f6tlemise piiramisele, kui klient on vaidlustanud isikuandmete \u00f5igsuse, ajaks kuni portaalipidaja kontrollib selliste andmete \u00f5igsust; isikuandmete t\u00f6\u00f6tlemine on ebaseaduslik, kuid klient ei soovi isikuandmete kustutamist; . kliendil on isikuandmeid vaja \u00f5igusn\u00f5uete koostamiseks, esitamiseks v\u00f5i kaitsmiseks; klient on esitanud vastuv\u00e4ite isikuandmete t\u00f6\u00f6tlemise protsessile, ajaks kuni kontrollitakse, kas portaalipidaja \u00f5igusp\u00e4rased p\u00f5hjused kaaluvad \u00fcles kliendi p\u00f5hjendused.<\/span><\/p>\n<p class=\"p3\"><span class=\"s1\">Mistahes eeltoodud \u00f5iguse teostamiseks v\u00f5ib klient saata Renovum O\u00dc-le taotluse e-posti aadressile info@renovum.ee. \u00d5iguse kasutamisel tuleb seda Renovum O\u00dc-le edastatavas kirjas selgelt v\u00e4ljendada. Koopia k\u00f5igist klienti puudutavatest isikuandmetest edastatakse kliendile 30 p\u00e4eva jooksul vastava taotluse saamisest.<\/span><\/p>\n<p class=\"p3\"><span class=\"s1\">Kliendil on ka \u00f5igus p\u00f6\u00f6rduda oma isikuandmete kaitsmise eesm\u00e4rgil j\u00e4relevalveasutuse poolt (Eestis Andmekaitse Inspektsioon) v\u00f5i kohtu poole. Andmekaitse Inspektsiooni poole p\u00f6\u00f6rdumiseks saab rohkem informatsiooni Andmekaitse Inspektsiooni kodulehek\u00fcljelt.<\/span><\/p>\n","protected":false},"excerpt":{"rendered":"<p>Renovum.ee kasutab k\u00fcpsiseid (cookies). See aitab veebisaidil uurida Teie kasutamisharjumusi meie lehel, meelde j\u00e4tta Teie\u00a0tehtud valikuid ning kiirendada Teie navigeerimist meie lehel. K\u00fcpsiste eesm\u00e4rk K\u00fcpsis (Cookie) on v\u00e4ikesemahuline tekstifail, mille veebiserver saadab kasutaja veebilehitsejale ja mis salvestatakse kasutaja arvuti k\u00f5vakettale. K\u00fcpsised kuuluvad nn hallvara hulka, mis ei ole ohtlik, aga v\u00f5ib kasutajale siiski ebamugavusi tekitada. [&hellip;]<\/p>\n","protected":false},"author":3,"featured_media":0,"parent":0,"menu_order":0,"comment_status":"closed","ping_status":"closed","template":"","meta":[],"acf":[],"_links":{"self":[{"href":"https:\/\/www.renovum.ee\/ru\/wp-json\/wp\/v2\/pages\/682"}],"collection":[{"href":"https:\/\/www.renovum.ee\/ru\/wp-json\/wp\/v2\/pages"}],"about":[{"href":"https:\/\/www.renovum.ee\/ru\/wp-json\/wp\/v2\/types\/page"}],"author":[{"embeddable":true,"href":"https:\/\/www.renovum.ee\/ru\/wp-json\/wp\/v2\/users\/3"}],"replies":[{"embeddable":true,"href":"https:\/\/www.renovum.ee\/ru\/wp-json\/wp\/v2\/comments?post=682"}],"version-history":[{"count":1,"href":"https:\/\/www.renovum.ee\/ru\/wp-json\/wp\/v2\/pages\/682\/revisions"}],"predecessor-version":[{"id":684,"href":"https:\/\/www.renovum.ee\/ru\/wp-json\/wp\/v2\/pages\/682\/revisions\/684"}],"wp:attachment":[{"href":"https:\/\/www.renovum.ee\/ru\/wp-json\/wp\/v2\/media?parent=682"}],"curies":[{"name":"wp","href":"https:\/\/api.w.org\/{rel}","templated":true}]}}